{"id":673,"date":"2023-11-09T16:56:58","date_gmt":"2023-11-09T16:56:58","guid":{"rendered":"https:\/\/hochulisolution.ch\/?page_id=673"},"modified":"2023-11-09T16:58:39","modified_gmt":"2023-11-09T16:58:39","slug":"partner-2","status":"publish","type":"page","link":"https:\/\/hochulisolution.ch\/index.php\/partner-2\/","title":{"rendered":"Partner"},"content":{"rendered":"\t\t<div data-elementor-type=\"wp-page\" data-elementor-id=\"673\" class=\"elementor elementor-673\" data-elementor-post-type=\"page\">\n\t\t\t\t<div class=\"elementor-element elementor-element-8a3e81b e-flex e-con-boxed e-con e-parent\" data-id=\"8a3e81b\" data-element_type=\"container\" data-e-type=\"container\">\n\t\t\t\t\t<div class=\"e-con-inner\">\n\t\t\t\t<div class=\"elementor-element elementor-element-191fbc3 elementor-widget elementor-widget-text-editor\" data-id=\"191fbc3\" data-element_type=\"widget\" data-e-type=\"widget\" data-widget_type=\"text-editor.default\">\n\t\t\t\t<div class=\"elementor-widget-container\">\n\t\t\t\t\t\t\t\t\t<p><\/p><h1><strong>Telekommunikation &#8211; Telefoniel\u00f6sung<\/strong><\/h1><p><\/p><p><\/p><figure class=\"wp-block-image size-full\"><img fetchpriority=\"high\" decoding=\"async\" width=\"760\" height=\"160\" class=\"wp-image-242\" src=\"https:\/\/hochulisolution.ch\/wp-content\/uploads\/2023\/01\/PFE_logo_rgb.png\" alt=\"\" srcset=\"https:\/\/hochulisolution.ch\/wp-content\/uploads\/2023\/01\/PFE_logo_rgb.png 760w, https:\/\/hochulisolution.ch\/wp-content\/uploads\/2023\/01\/PFE_logo_rgb-300x63.png 300w\" sizes=\"(max-width: 760px) 100vw, 760px\" \/><\/figure><p><\/p><p><\/p><p>Die \u00fcbersichtlichen und umfangreichen Telefonie L\u00f6sungen von Peoplefone setzen wir bei Kunden verschiedener Art ein. Vom Privaten bis zum KMU k\u00f6nnen fast alle Bed\u00fcrfnisse gedeckt werden.<br \/>Bei erweiterten Anforderungen setzen wir in Verbindung zur L\u00f6sung von Peoplefone eine Telefonanlage von 3CX ein. <br \/><br \/>Gerne Analysieren wir in einem Gespr\u00e4ch Ihre Bed\u00fcrfnisse und erstellen Ihnen ein Angebot.<\/p><p><\/p><p><\/p><div class=\"wp-block-spacer\" style=\"height: 100px;\" aria-hidden=\"true\">\u00a0<\/div><p><\/p><p><\/p><h1><strong>Smart Home &#8211; Intelligente Geb\u00e4udeautomatisierung<\/strong><\/h1><p><\/p><p><\/p><figure class=\"wp-block-image size-large\"><img decoding=\"async\" width=\"1024\" height=\"460\" class=\"wp-image-117\" src=\"https:\/\/hochulisolution.ch\/wp-content\/uploads\/2022\/06\/Logo-Loxone-green-Web-1024x460.jpg\" alt=\"\" srcset=\"https:\/\/hochulisolution.ch\/wp-content\/uploads\/2022\/06\/Logo-Loxone-green-Web-1024x460.jpg 1024w, https:\/\/hochulisolution.ch\/wp-content\/uploads\/2022\/06\/Logo-Loxone-green-Web-300x135.jpg 300w, https:\/\/hochulisolution.ch\/wp-content\/uploads\/2022\/06\/Logo-Loxone-green-Web-768x345.jpg 768w, https:\/\/hochulisolution.ch\/wp-content\/uploads\/2022\/06\/Logo-Loxone-green-Web-1536x690.jpg 1536w, https:\/\/hochulisolution.ch\/wp-content\/uploads\/2022\/06\/Logo-Loxone-green-Web-2048x920.jpg 2048w\" sizes=\"(max-width: 1024px) 100vw, 1024px\" \/><\/figure><p><\/p><p><\/p><p>Eine Abwesenheitssimulation mit Beleuchtung oder doch lieber eine automatische Beschattung wenn die Sonne zu fest scheint? All das geh\u00f6rt zu unserer Standardpalette!<\/p><p><\/p><p><\/p><figure class=\"wp-block-image size-large\"><img decoding=\"async\" width=\"1024\" height=\"205\" class=\"wp-image-234\" src=\"https:\/\/hochulisolution.ch\/wp-content\/uploads\/2022\/12\/Loxone_Logo-Partner_Silver-1024x205.jpg\" alt=\"\" srcset=\"https:\/\/hochulisolution.ch\/wp-content\/uploads\/2022\/12\/Loxone_Logo-Partner_Silver-1024x205.jpg 1024w, https:\/\/hochulisolution.ch\/wp-content\/uploads\/2022\/12\/Loxone_Logo-Partner_Silver-300x60.jpg 300w, https:\/\/hochulisolution.ch\/wp-content\/uploads\/2022\/12\/Loxone_Logo-Partner_Silver-768x154.jpg 768w, https:\/\/hochulisolution.ch\/wp-content\/uploads\/2022\/12\/Loxone_Logo-Partner_Silver-1536x307.jpg 1536w, https:\/\/hochulisolution.ch\/wp-content\/uploads\/2022\/12\/Loxone_Logo-Partner_Silver-2048x409.jpg 2048w\" sizes=\"(max-width: 1024px) 100vw, 1024px\" \/><\/figure><p><\/p><p><\/p><p>Egal bb Renovierung oder Neubau, mit den Produkten von Loxone haben wir ein breites Produktspektrum in Sache Smart Home oder &#8222;intelligenter Geb\u00e4udeautomatisierung&#8220;<\/p><p><\/p><p><\/p><figure class=\"wp-block-image size-large\"><img loading=\"lazy\" decoding=\"async\" width=\"1024\" height=\"682\" class=\"wp-image-118\" src=\"https:\/\/hochulisolution.ch\/wp-content\/uploads\/2022\/06\/cLoxone_Basecamp-Showhome-Waeschenbeuren_96-1024x682.jpg\" alt=\"\" srcset=\"https:\/\/hochulisolution.ch\/wp-content\/uploads\/2022\/06\/cLoxone_Basecamp-Showhome-Waeschenbeuren_96-1024x682.jpg 1024w, https:\/\/hochulisolution.ch\/wp-content\/uploads\/2022\/06\/cLoxone_Basecamp-Showhome-Waeschenbeuren_96-300x200.jpg 300w, https:\/\/hochulisolution.ch\/wp-content\/uploads\/2022\/06\/cLoxone_Basecamp-Showhome-Waeschenbeuren_96-768x512.jpg 768w, https:\/\/hochulisolution.ch\/wp-content\/uploads\/2022\/06\/cLoxone_Basecamp-Showhome-Waeschenbeuren_96.jpg 1280w\" sizes=\"(max-width: 1024px) 100vw, 1024px\" \/><\/figure><p><\/p>\t\t\t\t\t\t\t\t<\/div>\n\t\t\t\t<\/div>\n\t\t\t\t\t<\/div>\n\t\t\t\t<\/div>\n\t\t\t\t<\/div>\n\t\t","protected":false},"excerpt":{"rendered":"<p>Telekommunikation &#8211; Telefoniel\u00f6sung Die \u00fcbersichtlichen und umfangreichen Telefonie L\u00f6sungen von Peoplefone setzen wir bei Kunden verschiedener Art ein. Vom Privaten bis zum KMU k\u00f6nnen fast alle Bed\u00fcrfnisse gedeckt werden.Bei erweiterten Anforderungen setzen wir in Verbindung zur L\u00f6sung von Peoplefone eine Telefonanlage von 3CX ein. Gerne Analysieren wir in einem Gespr\u00e4ch Ihre Bed\u00fcrfnisse und erstellen Ihnen [&hellip;]<\/p>\n","protected":false},"author":1,"featured_media":0,"parent":0,"menu_order":0,"comment_status":"closed","ping_status":"closed","template":"","meta":{"footnotes":""},"class_list":["post-673","page","type-page","status-publish","hentry"],"yoast_head":"<!-- This site is optimized with the Yoast SEO Premium plugin v27.4 (Yoast SEO v27.5) - https:\/\/yoast.com\/product\/yoast-seo-premium-wordpress\/ -->\n<title>Partner - Hochuli Solution GmbH<\/title>\n<meta name=\"robots\" content=\"index, follow, max-snippet:-1, max-image-preview:large, max-video-preview:-1\" \/>\n<link rel=\"canonical\" href=\"https:\/\/hochulisolution.ch\/index.php\/partner-2\/\" \/>\n<meta property=\"og:locale\" content=\"de_DE\" \/>\n<meta property=\"og:type\" content=\"article\" \/>\n<meta property=\"og:title\" content=\"Partner\" \/>\n<meta property=\"og:description\" content=\"Telekommunikation &#8211; Telefoniel\u00f6sung Die \u00fcbersichtlichen und umfangreichen Telefonie L\u00f6sungen von Peoplefone setzen wir bei Kunden verschiedener Art ein. Vom Privaten bis zum KMU k\u00f6nnen fast alle Bed\u00fcrfnisse gedeckt werden.Bei erweiterten Anforderungen setzen wir in Verbindung zur L\u00f6sung von Peoplefone eine Telefonanlage von 3CX ein. Gerne Analysieren wir in einem Gespr\u00e4ch Ihre Bed\u00fcrfnisse und erstellen Ihnen [&hellip;]\" \/>\n<meta property=\"og:url\" content=\"https:\/\/hochulisolution.ch\/index.php\/partner-2\/\" \/>\n<meta property=\"og:site_name\" content=\"Hochuli Solution GmbH\" \/>\n<meta property=\"article:modified_time\" content=\"2023-11-09T16:58:39+00:00\" \/>\n<meta property=\"og:image\" content=\"https:\/\/hochulisolution.ch\/wp-content\/uploads\/2023\/01\/PFE_logo_rgb.png\" \/>\n<meta name=\"twitter:card\" content=\"summary_large_image\" \/>\n<meta name=\"twitter:label1\" content=\"Gesch\u00e4tzte Lesezeit\" \/>\n\t<meta name=\"twitter:data1\" content=\"2\u00a0Minuten\" \/>\n<script type=\"application\/ld+json\" class=\"yoast-schema-graph\">{\"@context\":\"https:\\\/\\\/schema.org\",\"@graph\":[{\"@type\":\"WebPage\",\"@id\":\"https:\\\/\\\/hochulisolution.ch\\\/index.php\\\/partner-2\\\/\",\"url\":\"https:\\\/\\\/hochulisolution.ch\\\/index.php\\\/partner-2\\\/\",\"name\":\"Partner - Hochuli Solution GmbH\",\"isPartOf\":{\"@id\":\"https:\\\/\\\/hochulisolution.ch\\\/#website\"},\"primaryImageOfPage\":{\"@id\":\"https:\\\/\\\/hochulisolution.ch\\\/index.php\\\/partner-2\\\/#primaryimage\"},\"image\":{\"@id\":\"https:\\\/\\\/hochulisolution.ch\\\/index.php\\\/partner-2\\\/#primaryimage\"},\"thumbnailUrl\":\"https:\\\/\\\/hochulisolution.ch\\\/wp-content\\\/uploads\\\/2023\\\/01\\\/PFE_logo_rgb.png\",\"datePublished\":\"2023-11-09T16:56:58+00:00\",\"dateModified\":\"2023-11-09T16:58:39+00:00\",\"breadcrumb\":{\"@id\":\"https:\\\/\\\/hochulisolution.ch\\\/index.php\\\/partner-2\\\/#breadcrumb\"},\"inLanguage\":\"de\",\"potentialAction\":[{\"@type\":\"ReadAction\",\"target\":[\"https:\\\/\\\/hochulisolution.ch\\\/index.php\\\/partner-2\\\/\"]}]},{\"@type\":\"ImageObject\",\"inLanguage\":\"de\",\"@id\":\"https:\\\/\\\/hochulisolution.ch\\\/index.php\\\/partner-2\\\/#primaryimage\",\"url\":\"https:\\\/\\\/hochulisolution.ch\\\/wp-content\\\/uploads\\\/2023\\\/01\\\/PFE_logo_rgb.png\",\"contentUrl\":\"https:\\\/\\\/hochulisolution.ch\\\/wp-content\\\/uploads\\\/2023\\\/01\\\/PFE_logo_rgb.png\",\"width\":760,\"height\":160},{\"@type\":\"BreadcrumbList\",\"@id\":\"https:\\\/\\\/hochulisolution.ch\\\/index.php\\\/partner-2\\\/#breadcrumb\",\"itemListElement\":[{\"@type\":\"ListItem\",\"position\":1,\"name\":\"Startseite\",\"item\":\"https:\\\/\\\/hochulisolution.ch\\\/\"},{\"@type\":\"ListItem\",\"position\":2,\"name\":\"Partner\"}]},{\"@type\":\"WebSite\",\"@id\":\"https:\\\/\\\/hochulisolution.ch\\\/#website\",\"url\":\"https:\\\/\\\/hochulisolution.ch\\\/\",\"name\":\"Hochuli Solution GmbH\",\"description\":\"\u00a9 by hochulisolution.ch\",\"publisher\":{\"@id\":\"https:\\\/\\\/hochulisolution.ch\\\/#organization\"},\"potentialAction\":[{\"@type\":\"SearchAction\",\"target\":{\"@type\":\"EntryPoint\",\"urlTemplate\":\"https:\\\/\\\/hochulisolution.ch\\\/?s={search_term_string}\"},\"query-input\":{\"@type\":\"PropertyValueSpecification\",\"valueRequired\":true,\"valueName\":\"search_term_string\"}}],\"inLanguage\":\"de\"},{\"@type\":\"Organization\",\"@id\":\"https:\\\/\\\/hochulisolution.ch\\\/#organization\",\"name\":\"Hochuli Solution GmbH\",\"url\":\"https:\\\/\\\/hochulisolution.ch\\\/\",\"logo\":{\"@type\":\"ImageObject\",\"inLanguage\":\"de\",\"@id\":\"https:\\\/\\\/hochulisolution.ch\\\/#\\\/schema\\\/logo\\\/image\\\/\",\"url\":\"https:\\\/\\\/hochulisolution.ch\\\/wp-content\\\/uploads\\\/2021\\\/10\\\/cropped-LOGO-mit-Schrift.png\",\"contentUrl\":\"https:\\\/\\\/hochulisolution.ch\\\/wp-content\\\/uploads\\\/2021\\\/10\\\/cropped-LOGO-mit-Schrift.png\",\"width\":1124,\"height\":593,\"caption\":\"Hochuli Solution GmbH\"},\"image\":{\"@id\":\"https:\\\/\\\/hochulisolution.ch\\\/#\\\/schema\\\/logo\\\/image\\\/\"}}]}<\/script>\n<!-- \/ Yoast SEO Premium plugin. -->","yoast_head_json":{"title":"Partner - Hochuli Solution GmbH","robots":{"index":"index","follow":"follow","max-snippet":"max-snippet:-1","max-image-preview":"max-image-preview:large","max-video-preview":"max-video-preview:-1"},"canonical":"https:\/\/hochulisolution.ch\/index.php\/partner-2\/","og_locale":"de_DE","og_type":"article","og_title":"Partner","og_description":"Telekommunikation &#8211; Telefoniel\u00f6sung Die \u00fcbersichtlichen und umfangreichen Telefonie L\u00f6sungen von Peoplefone setzen wir bei Kunden verschiedener Art ein. Vom Privaten bis zum KMU k\u00f6nnen fast alle Bed\u00fcrfnisse gedeckt werden.Bei erweiterten Anforderungen setzen wir in Verbindung zur L\u00f6sung von Peoplefone eine Telefonanlage von 3CX ein. Gerne Analysieren wir in einem Gespr\u00e4ch Ihre Bed\u00fcrfnisse und erstellen Ihnen [&hellip;]","og_url":"https:\/\/hochulisolution.ch\/index.php\/partner-2\/","og_site_name":"Hochuli Solution GmbH","article_modified_time":"2023-11-09T16:58:39+00:00","og_image":[{"url":"https:\/\/hochulisolution.ch\/wp-content\/uploads\/2023\/01\/PFE_logo_rgb.png","type":"","width":"","height":""}],"twitter_card":"summary_large_image","twitter_misc":{"Gesch\u00e4tzte Lesezeit":"2\u00a0Minuten"},"schema":{"@context":"https:\/\/schema.org","@graph":[{"@type":"WebPage","@id":"https:\/\/hochulisolution.ch\/index.php\/partner-2\/","url":"https:\/\/hochulisolution.ch\/index.php\/partner-2\/","name":"Partner - Hochuli Solution GmbH","isPartOf":{"@id":"https:\/\/hochulisolution.ch\/#website"},"primaryImageOfPage":{"@id":"https:\/\/hochulisolution.ch\/index.php\/partner-2\/#primaryimage"},"image":{"@id":"https:\/\/hochulisolution.ch\/index.php\/partner-2\/#primaryimage"},"thumbnailUrl":"https:\/\/hochulisolution.ch\/wp-content\/uploads\/2023\/01\/PFE_logo_rgb.png","datePublished":"2023-11-09T16:56:58+00:00","dateModified":"2023-11-09T16:58:39+00:00","breadcrumb":{"@id":"https:\/\/hochulisolution.ch\/index.php\/partner-2\/#breadcrumb"},"inLanguage":"de","potentialAction":[{"@type":"ReadAction","target":["https:\/\/hochulisolution.ch\/index.php\/partner-2\/"]}]},{"@type":"ImageObject","inLanguage":"de","@id":"https:\/\/hochulisolution.ch\/index.php\/partner-2\/#primaryimage","url":"https:\/\/hochulisolution.ch\/wp-content\/uploads\/2023\/01\/PFE_logo_rgb.png","contentUrl":"https:\/\/hochulisolution.ch\/wp-content\/uploads\/2023\/01\/PFE_logo_rgb.png","width":760,"height":160},{"@type":"BreadcrumbList","@id":"https:\/\/hochulisolution.ch\/index.php\/partner-2\/#breadcrumb","itemListElement":[{"@type":"ListItem","position":1,"name":"Startseite","item":"https:\/\/hochulisolution.ch\/"},{"@type":"ListItem","position":2,"name":"Partner"}]},{"@type":"WebSite","@id":"https:\/\/hochulisolution.ch\/#website","url":"https:\/\/hochulisolution.ch\/","name":"Hochuli Solution GmbH","description":"\u00a9 by hochulisolution.ch","publisher":{"@id":"https:\/\/hochulisolution.ch\/#organization"},"potentialAction":[{"@type":"SearchAction","target":{"@type":"EntryPoint","urlTemplate":"https:\/\/hochulisolution.ch\/?s={search_term_string}"},"query-input":{"@type":"PropertyValueSpecification","valueRequired":true,"valueName":"search_term_string"}}],"inLanguage":"de"},{"@type":"Organization","@id":"https:\/\/hochulisolution.ch\/#organization","name":"Hochuli Solution GmbH","url":"https:\/\/hochulisolution.ch\/","logo":{"@type":"ImageObject","inLanguage":"de","@id":"https:\/\/hochulisolution.ch\/#\/schema\/logo\/image\/","url":"https:\/\/hochulisolution.ch\/wp-content\/uploads\/2021\/10\/cropped-LOGO-mit-Schrift.png","contentUrl":"https:\/\/hochulisolution.ch\/wp-content\/uploads\/2021\/10\/cropped-LOGO-mit-Schrift.png","width":1124,"height":593,"caption":"Hochuli Solution GmbH"},"image":{"@id":"https:\/\/hochulisolution.ch\/#\/schema\/logo\/image\/"}}]}},"jetpack_sharing_enabled":true,"_links":{"self":[{"href":"https:\/\/hochulisolution.ch\/index.php\/wp-json\/wp\/v2\/pages\/673","targetHints":{"allow":["GET"]}}],"collection":[{"href":"https:\/\/hochulisolution.ch\/index.php\/wp-json\/wp\/v2\/pages"}],"about":[{"href":"https:\/\/hochulisolution.ch\/index.php\/wp-json\/wp\/v2\/types\/page"}],"author":[{"embeddable":true,"href":"https:\/\/hochulisolution.ch\/index.php\/wp-json\/wp\/v2\/users\/1"}],"replies":[{"embeddable":true,"href":"https:\/\/hochulisolution.ch\/index.php\/wp-json\/wp\/v2\/comments?post=673"}],"version-history":[{"count":4,"href":"https:\/\/hochulisolution.ch\/index.php\/wp-json\/wp\/v2\/pages\/673\/revisions"}],"predecessor-version":[{"id":680,"href":"https:\/\/hochulisolution.ch\/index.php\/wp-json\/wp\/v2\/pages\/673\/revisions\/680"}],"wp:attachment":[{"href":"https:\/\/hochulisolution.ch\/index.php\/wp-json\/wp\/v2\/media?parent=673"}],"curies":[{"name":"wp","href":"https:\/\/api.w.org\/{rel}","templated":true}]}}